{"id":30,"date":"2024-06-08T05:30:42","date_gmt":"2024-06-08T05:30:42","guid":{"rendered":"https:\/\/greenstretchpen.org\/?page_id=30"},"modified":"2024-12-30T21:37:46","modified_gmt":"2024-12-30T21:37:46","slug":"cover","status":"publish","type":"page","link":"https:\/\/greenstretchpen.org\/","title":{"rendered":"\ud835\udd3e\u1d3f \u1d31 \u1d31 \u1d3a\u2800\u00a7\u1d40 \u1d3f \u1d31 \u1d40 \u00a9 \u1d34\u2800\u2117\u1d31 \u1d3a"},"content":{"rendered":"\n<p class=\"has-text-align-center has-text-color has-link-color has-small-font-size wp-elements-ccebba8bcd649ea57903d59cf76194da\" style=\"color:#82792f;font-style:normal;font-weight:200\">\u202f\u202f\u202f\u202f\u202f<em>sustainable \u202f\u202f\u202f\u202fresponsible \u202f\u202f\u202f\u202ftransparent<\/em><br>\u202f<br>\u202f<\/p>\n\n\n\n<figure class=\"wp-block-video alignwide\"><video height=\"1080\" style=\"aspect-ratio: 1920 \/ 1080;\" width=\"1920\" controls src=\"https:\/\/greenstretchpen.org\/wp-content\/uploads\/2024\/06\/Green-Stretch-Pen-about-us.mp4\"><\/video><\/figure>\n\n\n\n<figure class=\"wp-block-video alignwide\"><video height=\"720\" style=\"aspect-ratio: 1280 \/ 720;\" width=\"1280\" controls src=\"https:\/\/greenstretchpen.org\/wp-content\/uploads\/2024\/06\/1b-Hoy-me-convierto-en-maestra-de-verdad.mp4\"><track src=\"https:\/\/greenstretchpen.org\/wp-content\/uploads\/2024\/06\/Today-Ive-become-a-real-teacher.vtt\" srclang=\"en\" label=\"Today I've become a real teacher\" kind=\"subtitles\"\/><\/video><\/figure>\n\n\n\n<figure class=\"wp-block-video alignwide\"><video height=\"720\" style=\"aspect-ratio: 1280 \/ 720;\" width=\"1280\" controls src=\"https:\/\/greenstretchpen.org\/wp-content\/uploads\/2024\/06\/5-Video-de-Kyrie-\u2013-Tabasco-2022.mov\"><\/video><\/figure>\n\n\n\n<figure class=\"wp-block-video alignwide\"><video height=\"1080\" style=\"aspect-ratio: 1906 \/ 1080;\" width=\"1906\" controls src=\"https:\/\/greenstretchpen.org\/wp-content\/uploads\/2024\/06\/1-El-hijo-de-Aisha-y-Anatole-Batmans-strawberry-smoothie-with-subtitles.mp4\"><track src=\"https:\/\/greenstretchpen.org\/wp-content\/uploads\/2024\/06\/Kyrie-Batman-Strawberry-smoothie-captions.vtt\" label=\"Batman makes a strawberry smoothie\" srclang=\"en\" kind=\"subtitles\"\/><\/video><\/figure>\n\n\n\n<figure class=\"wp-block-video alignwide\"><video height=\"720\" style=\"aspect-ratio: 1280 \/ 720;\" width=\"1280\" controls src=\"https:\/\/greenstretchpen.org\/wp-content\/uploads\/2024\/06\/gsp-for-ptwn-11-11-23.mp4\"><\/video><\/figure>\n\n\n\n<p>contact us: anatole@greenstretchpen.org<\/p>\n\n\n\n<figure class=\"wp-block-embed alignwide is-type-video is-provider-vimeo wp-block-embed-vimeo wp-embed-aspect-16-9 wp-has-aspect-ratio\"><div class=\"wp-block-embed__wrapper\">\n<iframe loading=\"lazy\" title=\"Green Stretch Pen comes to El Vergel Park\" src=\"https:\/\/player.vimeo.com\/video\/1043002983?h=44fa5f1cae&amp;dnt=1&amp;app_id=122963\" width=\"500\" height=\"281\" frameborder=\"0\" allow=\"autoplay; fullscreen; picture-in-picture; clipboard-write\"><\/iframe>\n<\/div><\/figure>\n\n\n\n<figure class=\"wp-block-video alignwide\"><video height=\"464\" style=\"aspect-ratio: 848 \/ 464;\" width=\"848\" controls src=\"https:\/\/greenstretchpen.org\/wp-content\/uploads\/2024\/10\/Cristo-doing-green-smoothies.mp4\"><\/video><\/figure>\n\n\n\n<figure class=\"wp-block-image size-full\"><img loading=\"lazy\" decoding=\"async\" width=\"4895\" height=\"6851\" src=\"https:\/\/greenstretchpen.org\/wp-content\/uploads\/2024\/08\/GSP-Healthy-Lifestyle-Festival-August-25-2024-3.png\" alt=\"\" class=\"wp-image-126\"\/><\/figure>\n\n\n\n<p class=\"has-heading-font-family has-large-font-size\">\u202f<br>Te invitamos al Festival de Vida Saludable, el domingo 25 de Agosto, 2024 de 10am a 8pm en el Parque de las Ni\u00f1as y los Ni\u00f1os de Zapopan que Green Stretch Pen estar\u00e1 ofreciendo junto a la V\u00eda RecreActiva de Zapopan (entrada libre).<br><br>Tendremos clases con diferentes maestros y actividades para todas las edades, talleres para promover consciencia, ecolog\u00eda y salud integral, y cerraremos con fiesta con DJ\u2019s en vivo. <br><br>Tendremos tambi\u00e9n un mercado de alimentos y productos locales, org\u00e1nicos y sustentables. Trae tu tapete, tu termo y ropa c\u00f3moda <img loading=\"lazy\" decoding=\"async\" height=\"16\" width=\"16\" src=\"https:\/\/static.xx.fbcdn.net\/images\/emoji.php\/v9\/teb\/2\/16\/1f642.png\" alt=\"\ud83d\ude42\"><br>\u202f<\/p>\n\n\n\n<p class=\"has-heading-font-family has-large-font-size\">RSVP en:<br><br><a href=\"https:\/\/www.facebook.com\/events\/739157558275884\/?ref=newsfeed\">https:\/\/www.facebook.com\/events\/739157558275884\/?ref=newsfeed<\/a><br>\u202f<\/p>\n\n\n\n<p style=\"font-style:normal;font-weight:500\"><strong><em>en Foro Cometa:<\/em><\/strong><\/p>\n\n\n\n<p style=\"font-style:italic;font-weight:200\">10.00am &#8211; Acroyoga con Sisu Villarreal<\/p>\n\n\n\n<p style=\"font-style:italic;font-weight:200\">11.30am &#8211; Dharma Yoga con Salvador Garc\u00eda<\/p>\n\n\n\n<p style=\"font-style:italic;font-weight:200\">1.00pm &#8211; <img loading=\"lazy\" decoding=\"async\" width=\"250\" height=\"25\" class=\"wp-image-176\" style=\"width: 250px;\" src=\"https:\/\/greenstretchpen.org\/wp-content\/uploads\/2024\/08\/GSP-Trajan-smaller-off-center-3-copy.png\" alt=\"\" srcset=\"https:\/\/greenstretchpen.org\/wp-content\/uploads\/2024\/08\/GSP-Trajan-smaller-off-center-3-copy.png 3096w, https:\/\/greenstretchpen.org\/wp-content\/uploads\/2024\/08\/GSP-Trajan-smaller-off-center-3-copy-300x31.png 300w, https:\/\/greenstretchpen.org\/wp-content\/uploads\/2024\/08\/GSP-Trajan-smaller-off-center-3-copy-1024x104.png 1024w, https:\/\/greenstretchpen.org\/wp-content\/uploads\/2024\/08\/GSP-Trajan-smaller-off-center-3-copy-768x78.png 768w, https:\/\/greenstretchpen.org\/wp-content\/uploads\/2024\/08\/GSP-Trajan-smaller-off-center-3-copy-1536x156.png 1536w, https:\/\/greenstretchpen.org\/wp-content\/uploads\/2024\/08\/GSP-Trajan-smaller-off-center-3-copy-2048x208.png 2048w, https:\/\/greenstretchpen.org\/wp-content\/uploads\/2024\/08\/GSP-Trajan-smaller-off-center-3-copy-18x2.png 18w\" sizes=\"auto, (max-width: 250px) 100vw, 250px\" \/> \u00a1 \u1d58\u207f \u1d50\u1d52\u1d5b\u2071\u1d50\u2071\u1d49\u207f\u1d57\u1d52 !<\/p>\n\n\n\n<p style=\"font-style:italic;font-weight:200\"><\/p>\n\n\n\n<p style=\"font-style:italic;font-weight:200\">2.00pm &#8211; \u201cVida Saludable: Marcando el Camino\u201d, Anatole &amp; Aisha<br><br>2.30pm &#8211; \u00a1Prepara super smoothies! Licuados ofrecidos por Green Stretch Pen<br><br>3.00pm &#8211; \u201cConstruyendo papalotes\u201d con H\u00e9ctor Garc\u00eda<\/p>\n\n\n\n<p style=\"font-style:italic;font-weight:200\">4.00pm &#8211; Convocatoria a directores y maestros para promover el \u201cPrograma de Vida Saludable\u201d en escuelas de Zapopan y Guadalajara, con Green Stretch Pen A.C.<\/p>\n\n\n\n<p style=\"font-style:italic;font-weight:200\">5.30pm &#8211; Danza, meditaci\u00f3n y Loud Yoga\u2122 con Aisha<\/p>\n\n\n\n<p style=\"font-style:italic;font-weight:200\">6.00pm &#8211; Fiesta con DJ\u2019s \u201cHot Rain\u201d \u00a1 \u1d5b\u1d49\u207f \u1d43 \u1d47\u1d43\u2071\u02e1\u1d43\u02b3 !<\/p>\n\n\n\n<p style=\"font-style:normal;font-weight:500\"><strong><em>En \u00e1rea del Parque:<\/em><\/strong><\/p>\n\n\n\n<p style=\"font-style:italic;font-weight:200\">2.00pm a 6.30pm &#8211; Tianguis, pl\u00e1ticas y talleres ecol\u00f3gicos:<\/p>\n\n\n\n<p><\/p>\n\n\n\n<p class=\"has-text-align-right\" style=\"font-style:normal;font-weight:200\"><a href=\"https:\/\/elrincon-verde.com\/\" data-type=\"link\" data-id=\"https:\/\/elrincon-verde.com\/\"><img loading=\"lazy\" decoding=\"async\" width=\"150\" height=\"150\" class=\"wp-image-133\" style=\"width: 150px;\" src=\"https:\/\/greenstretchpen.org\/wp-content\/uploads\/2024\/08\/el-rincon-verde-Logo-Redondo-FB.png\" alt=\"\" srcset=\"https:\/\/greenstretchpen.org\/wp-content\/uploads\/2024\/08\/el-rincon-verde-Logo-Redondo-FB.png 788w, https:\/\/greenstretchpen.org\/wp-content\/uploads\/2024\/08\/el-rincon-verde-Logo-Redondo-FB-300x300.png 300w, https:\/\/greenstretchpen.org\/wp-content\/uploads\/2024\/08\/el-rincon-verde-Logo-Redondo-FB-150x150.png 150w, https:\/\/greenstretchpen.org\/wp-content\/uploads\/2024\/08\/el-rincon-verde-Logo-Redondo-FB-768x768.png 768w, https:\/\/greenstretchpen.org\/wp-content\/uploads\/2024\/08\/el-rincon-verde-Logo-Redondo-FB-12x12.png 12w\" sizes=\"auto, (max-width: 150px) 100vw, 150px\" \/><\/a><em>\u202f\u202f\u202f\u202f\u202f\u202f\u202f\u202f\u202f\u202f\u202f\u202f\u202f\u202f<\/em><em>\u201cCreando huertos urbanos\u201d con Alejandro Andrade<\/em><br><br>&nbsp;<\/p>\n\n\n\n<p class=\"has-text-align-right\" style=\"font-style:normal;font-weight:200\"><\/p>\n\n\n\n<p class=\"has-text-align-right\" style=\"font-style:normal;font-weight:200\"><img loading=\"lazy\" decoding=\"async\" width=\"180\" height=\"135\" class=\"wp-image-134\" style=\"width: 180px;\" src=\"https:\/\/greenstretchpen.org\/wp-content\/uploads\/2024\/08\/image.png\" alt=\"\" srcset=\"https:\/\/greenstretchpen.org\/wp-content\/uploads\/2024\/08\/image.png 1600w, https:\/\/greenstretchpen.org\/wp-content\/uploads\/2024\/08\/image-300x225.png 300w, https:\/\/greenstretchpen.org\/wp-content\/uploads\/2024\/08\/image-1024x768.png 1024w, https:\/\/greenstretchpen.org\/wp-content\/uploads\/2024\/08\/image-768x576.png 768w, https:\/\/greenstretchpen.org\/wp-content\/uploads\/2024\/08\/image-1536x1152.png 1536w, https:\/\/greenstretchpen.org\/wp-content\/uploads\/2024\/08\/image-16x12.png 16w\" sizes=\"auto, (max-width: 180px) 100vw, 180px\" \/><em>   \u202f\u202f\u201cImpacto ambiental positivo: Introducci\u00f3n a los ba\u00f1os secos\u201d con Kathryn Ehrhorn<\/em><br><br><\/p>\n\n\n\n<p class=\"has-text-align-right\" style=\"font-style:normal;font-weight:200\"><\/p>\n\n\n\n<p class=\"has-text-align-right\" style=\"font-style:normal;font-weight:200\"><img loading=\"lazy\" decoding=\"async\" width=\"130\" height=\"180\" class=\"wp-image-197\" style=\"width: 130px;\" src=\"https:\/\/greenstretchpen.org\/wp-content\/uploads\/2024\/08\/UDG-cropped-copy.png\" alt=\"\" srcset=\"https:\/\/greenstretchpen.org\/wp-content\/uploads\/2024\/08\/UDG-cropped-copy.png 407w, https:\/\/greenstretchpen.org\/wp-content\/uploads\/2024\/08\/UDG-cropped-copy-217x300.png 217w, https:\/\/greenstretchpen.org\/wp-content\/uploads\/2024\/08\/UDG-cropped-copy-9x12.png 9w\" sizes=\"auto, (max-width: 130px) 100vw, 130px\" \/><em>\u201cCreando tu Lombri-composta\u201d con maestros de la UDG<\/em><br><br>&nbsp;<br><\/p>\n\n\n\n<p class=\"has-text-align-right\" style=\"font-style:normal;font-weight:200\"><\/p>\n\n\n\n<p class=\"has-text-align-right\" style=\"font-style:normal;font-weight:200\"><em>  <\/em><\/p>\n\n\n\n<p class=\"has-text-align-right\" style=\"font-style:normal;font-weight:200\"><a href=\"https:\/\/earth-army.com\/\"><img loading=\"lazy\" decoding=\"async\" width=\"150\" height=\"150\" class=\"wp-image-168\" style=\"width: 150px;\" src=\"https:\/\/greenstretchpen.org\/wp-content\/uploads\/2024\/08\/image-6.png\" alt=\"\" srcset=\"https:\/\/greenstretchpen.org\/wp-content\/uploads\/2024\/08\/image-6.png 3000w, https:\/\/greenstretchpen.org\/wp-content\/uploads\/2024\/08\/image-6-300x300.png 300w, https:\/\/greenstretchpen.org\/wp-content\/uploads\/2024\/08\/image-6-1024x1024.png 1024w, https:\/\/greenstretchpen.org\/wp-content\/uploads\/2024\/08\/image-6-150x150.png 150w, https:\/\/greenstretchpen.org\/wp-content\/uploads\/2024\/08\/image-6-768x768.png 768w, https:\/\/greenstretchpen.org\/wp-content\/uploads\/2024\/08\/image-6-1536x1536.png 1536w, https:\/\/greenstretchpen.org\/wp-content\/uploads\/2024\/08\/image-6-2048x2048.png 2048w, https:\/\/greenstretchpen.org\/wp-content\/uploads\/2024\/08\/image-6-12x12.png 12w\" sizes=\"auto, (max-width: 150px) 100vw, 150px\" \/><\/a>\u202f\u202f\u202f<em>\u201cBombas de semillas, para ni\u00f1os\u201d con Miguel Vazquez<\/em><br><br>\u202f<\/p>\n\n\n\n<p class=\"has-text-align-right\" style=\"font-style:normal;font-weight:200\"><img loading=\"lazy\" decoding=\"async\" width=\"180\" height=\"65\" class=\"wp-image-141\" style=\"width: 180px;\" src=\"https:\/\/greenstretchpen.org\/wp-content\/uploads\/2024\/08\/PCYBZ_H_COLOR_TRANSPARENTE_12001PX.png\" alt=\"\" srcset=\"https:\/\/greenstretchpen.org\/wp-content\/uploads\/2024\/08\/PCYBZ_H_COLOR_TRANSPARENTE_12001PX.png 1200w, https:\/\/greenstretchpen.org\/wp-content\/uploads\/2024\/08\/PCYBZ_H_COLOR_TRANSPARENTE_12001PX-300x109.png 300w, https:\/\/greenstretchpen.org\/wp-content\/uploads\/2024\/08\/PCYBZ_H_COLOR_TRANSPARENTE_12001PX-1024x370.png 1024w, https:\/\/greenstretchpen.org\/wp-content\/uploads\/2024\/08\/PCYBZ_H_COLOR_TRANSPARENTE_12001PX-768x278.png 768w, https:\/\/greenstretchpen.org\/wp-content\/uploads\/2024\/08\/PCYBZ_H_COLOR_TRANSPARENTE_12001PX-18x7.png 18w\" sizes=\"auto, (max-width: 180px) 100vw, 180px\" \/>\u202f\u202f\u202f\u202f\u202f\u202f\u202f\u202f\u202f\u202f\u202f\u202f\u202f\u202f\u202f\u202f\u202f\u202f\u202f\u202f\u202f\u202f\u202f\u202f\u202f\u202f\u202f\u202f\u202f\u202f\u202f\u202f\u202f\u202f<em>\u201cBicho Bomberos, para ni\u00f1os\u201d con Ernesto,<\/em><br><em>Bombero de Zapopan<\/em><br><br>&nbsp;<\/p>\n\n\n\n<p class=\"has-text-align-right\" style=\"font-style:normal;font-weight:200\"><\/p>\n\n\n\n<p class=\"has-text-align-right\" style=\"font-style:normal;font-weight:200\"><a href=\"https:\/\/zenergia.com.mx\/\" data-type=\"link\" data-id=\"https:\/\/zenergia.com.mx\/\"><img loading=\"lazy\" decoding=\"async\" width=\"180\" height=\"50\" class=\"wp-image-140\" style=\"width: 180px;\" src=\"https:\/\/greenstretchpen.org\/wp-content\/uploads\/2024\/08\/image-4.png\" alt=\"\" srcset=\"https:\/\/greenstretchpen.org\/wp-content\/uploads\/2024\/08\/image-4.png 2025w, https:\/\/greenstretchpen.org\/wp-content\/uploads\/2024\/08\/image-4-300x84.png 300w, https:\/\/greenstretchpen.org\/wp-content\/uploads\/2024\/08\/image-4-1024x285.png 1024w, https:\/\/greenstretchpen.org\/wp-content\/uploads\/2024\/08\/image-4-768x214.png 768w, https:\/\/greenstretchpen.org\/wp-content\/uploads\/2024\/08\/image-4-1536x428.png 1536w, https:\/\/greenstretchpen.org\/wp-content\/uploads\/2024\/08\/image-4-18x5.png 18w\" sizes=\"auto, (max-width: 180px) 100vw, 180px\" \/><\/a>\u202f\u202f\u202f\u202f\u202f\u202f\u202f\u202f\u202f\u202f\u202f\u202f\u202f\u202f\u202f\u202f\u202f\u202f\u202f\u202f\u202f\u202f\u202f\u202f\u202f\u202f\u202f<em>\u201cIntroducci\u00f3n a la energ\u00eda solar\u201d con Zenerg\u00eda<\/em><br><br>&nbsp;<\/p>\n\n\n\n<p class=\"has-text-align-right\" style=\"font-style:normal;font-weight:200\"><\/p>\n\n\n\n<p class=\"has-text-align-right\" style=\"font-style:normal;font-weight:200\"><a href=\"http:\/\/www.cucba.udg.mx\/\" data-type=\"link\" data-id=\"http:\/\/www.cucba.udg.mx\/\"><img loading=\"lazy\" decoding=\"async\" width=\"160\" height=\"32\" class=\"wp-image-143\" style=\"width: 160px;\" src=\"https:\/\/greenstretchpen.org\/wp-content\/uploads\/2024\/08\/logo_cucba.png\" alt=\"\" srcset=\"https:\/\/greenstretchpen.org\/wp-content\/uploads\/2024\/08\/logo_cucba.png 1200w, https:\/\/greenstretchpen.org\/wp-content\/uploads\/2024\/08\/logo_cucba-300x61.png 300w, https:\/\/greenstretchpen.org\/wp-content\/uploads\/2024\/08\/logo_cucba-1024x207.png 1024w, https:\/\/greenstretchpen.org\/wp-content\/uploads\/2024\/08\/logo_cucba-768x155.png 768w, https:\/\/greenstretchpen.org\/wp-content\/uploads\/2024\/08\/logo_cucba-18x4.png 18w\" sizes=\"auto, (max-width: 160px) 100vw, 160px\" \/><\/a> \u202f\u202f<em>\u201cSalud del suelo, salud ambiental, y huella de carbono\u201d<\/em><br><em>con Martin Flores G\u00f3mez (CUCBA)<\/em><br><br><em>\u201cC\u00f3mo contamina lo que consuminos\u201d<\/em><br><em>con Enrique Lomel\u00ed Rodr\u00edguez (CUCBA)<\/em><\/p>\n\n\n\n<p class=\"has-text-align-right\" style=\"font-style:normal;font-weight:200\"><\/p>\n\n\n\n<figure class=\"wp-block-image size-large\"><img loading=\"lazy\" decoding=\"async\" width=\"1024\" height=\"768\" src=\"https:\/\/greenstretchpen.org\/wp-content\/uploads\/2024\/08\/Frente-1024x768.jpg\" alt=\"\" class=\"wp-image-130\" srcset=\"https:\/\/greenstretchpen.org\/wp-content\/uploads\/2024\/08\/Frente-1024x768.jpg 1024w, https:\/\/greenstretchpen.org\/wp-content\/uploads\/2024\/08\/Frente-300x225.jpg 300w, https:\/\/greenstretchpen.org\/wp-content\/uploads\/2024\/08\/Frente-768x576.jpg 768w, https:\/\/greenstretchpen.org\/wp-content\/uploads\/2024\/08\/Frente-16x12.jpg 16w, https:\/\/greenstretchpen.org\/wp-content\/uploads\/2024\/08\/Frente.jpg 1280w\" sizes=\"auto, (max-width: 1024px) 100vw, 1024px\" \/><\/figure>\n\n\n\n<p class=\"has-small-font-size\" style=\"font-style:normal;font-weight:200\"><em>(Si recibiste un flyer que ofrece un descuento de 100 pesos para un cambio de aceite sint\u00e9tico, por favor tr\u00e1elo al festival junto con el recibo para recibir el reembolso.)<\/em><\/p>\n\n\n\n<p class=\"has-large-font-size\">\u202f<br><br><strong>Mapa del evento:<\/strong><\/p>\n\n\n\n<figure class=\"wp-block-image alignwide size-full\"><img loading=\"lazy\" decoding=\"async\" width=\"10200\" height=\"6600\" src=\"https:\/\/greenstretchpen.org\/wp-content\/uploads\/2024\/08\/Propuesta-de-ubicacion-de-locales-2.png\" alt=\"\" class=\"wp-image-178\"\/><\/figure>\n\n\n\n<p><br><br><br><br>\u202f<\/p>\n\n\n\n<figure class=\"wp-block-image alignwide size-large\"><img loading=\"lazy\" decoding=\"async\" width=\"1024\" height=\"611\" src=\"https:\/\/greenstretchpen.org\/wp-content\/uploads\/2024\/08\/1d-Mapa-de-Estados-con-Maestros-GSP-1-1024x611.png\" alt=\"\" class=\"wp-image-112\" srcset=\"https:\/\/greenstretchpen.org\/wp-content\/uploads\/2024\/08\/1d-Mapa-de-Estados-con-Maestros-GSP-1-1024x611.png 1024w, https:\/\/greenstretchpen.org\/wp-content\/uploads\/2024\/08\/1d-Mapa-de-Estados-con-Maestros-GSP-1-300x179.png 300w, https:\/\/greenstretchpen.org\/wp-content\/uploads\/2024\/08\/1d-Mapa-de-Estados-con-Maestros-GSP-1-768x459.png 768w, https:\/\/greenstretchpen.org\/wp-content\/uploads\/2024\/08\/1d-Mapa-de-Estados-con-Maestros-GSP-1-1536x917.png 1536w, https:\/\/greenstretchpen.org\/wp-content\/uploads\/2024\/08\/1d-Mapa-de-Estados-con-Maestros-GSP-1-2048x1223.png 2048w, https:\/\/greenstretchpen.org\/wp-content\/uploads\/2024\/08\/1d-Mapa-de-Estados-con-Maestros-GSP-1-18x12.png 18w\" sizes=\"auto, (max-width: 1024px) 100vw, 1024px\" \/><\/figure>\n\n\n\n<div class=\"wp-block-columns alignwide is-layout-flex wp-container-core-columns-is-layout-28f84493 wp-block-columns-is-layout-flex\">\n<div class=\"wp-block-column is-layout-flow wp-block-column-is-layout-flow\" style=\"flex-basis:100%\">\n<div class=\"wp-block-group has-global-padding is-layout-constrained wp-block-group-is-layout-constrained\">\n<div class=\"wp-block-buttons is-content-justification-center is-layout-flex wp-container-core-buttons-is-layout-a89b3969 wp-block-buttons-is-layout-flex\">\n<div class=\"wp-block-button has-custom-width wp-block-button__width-25\"><a class=\"wp-block-button__link has-background has-text-align-center wp-element-button\" href=\"https:\/\/donorbox.org\/green-stretch-pen\" style=\"background:linear-gradient(64deg,rgba(6,147,227,1) 0%,rgb(155,81,224) 100%);padding-top:var(--wp--preset--spacing--10);padding-right:0;padding-bottom:var(--wp--preset--spacing--10);padding-left:0\">donate<\/a><\/div>\n<\/div>\n<\/div>\n<\/div>\n<\/div>\n","protected":false},"excerpt":{"rendered":"<p>\u202f\u202f\u202f\u202f\u202fsustainable \u202f\u202f\u202f\u202fresponsible \u202f\u202f\u202f\u202ftransparent\u202f\u202f contact us: anatole@greenstretchpen.org \u202fTe invitamos al Festival de Vida Saludable, el domingo 25 de Agosto, 2024 de 10am a 8pm en el Parque de las Ni\u00f1as y los Ni\u00f1os de Zapopan que Green Stretch Pen estar\u00e1 ofreciendo junto a la V\u00eda RecreActiva de Zapopan (entrada libre). Tendremos clases con diferentes maestros y [&hellip;]<\/p>\n","protected":false},"author":1,"featured_media":33,"parent":0,"menu_order":0,"comment_status":"closed","ping_status":"closed","template":"","meta":{"footnotes":""},"class_list":["post-30","page","type-page","status-publish","has-post-thumbnail","hentry"],"_links":{"self":[{"href":"https:\/\/greenstretchpen.org\/index.php?rest_route=\/wp\/v2\/pages\/30","targetHints":{"allow":["GET"]}}],"collection":[{"href":"https:\/\/greenstretchpen.org\/index.php?rest_route=\/wp\/v2\/pages"}],"about":[{"href":"https:\/\/greenstretchpen.org\/index.php?rest_route=\/wp\/v2\/types\/page"}],"author":[{"embeddable":true,"href":"https:\/\/greenstretchpen.org\/index.php?rest_route=\/wp\/v2\/users\/1"}],"replies":[{"embeddable":true,"href":"https:\/\/greenstretchpen.org\/index.php?rest_route=%2Fwp%2Fv2%2Fcomments&post=30"}],"version-history":[{"count":5,"href":"https:\/\/greenstretchpen.org\/index.php?rest_route=\/wp\/v2\/pages\/30\/revisions"}],"predecessor-version":[{"id":228,"href":"https:\/\/greenstretchpen.org\/index.php?rest_route=\/wp\/v2\/pages\/30\/revisions\/228"}],"wp:featuredmedia":[{"embeddable":true,"href":"https:\/\/greenstretchpen.org\/index.php?rest_route=\/wp\/v2\/media\/33"}],"wp:attachment":[{"href":"https:\/\/greenstretchpen.org\/index.php?rest_route=%2Fwp%2Fv2%2Fmedia&parent=30"}],"curies":[{"name":"wp","href":"https:\/\/api.w.org\/{rel}","templated":true}]}}